{"id":3120,"date":"2020-01-27T08:15:05","date_gmt":"2020-01-27T08:15:05","guid":{"rendered":"https:\/\/demosites.io\/web-agency-gb\/?page_id=71"},"modified":"2024-06-03T12:29:42","modified_gmt":"2024-06-03T12:29:42","slug":"finca-para-eventos","status":"publish","type":"page","link":"https:\/\/fincalaalcudia.com\/en\/finca-para-eventos\/","title":{"rendered":"Finca para eventos"},"content":{"rendered":"<div class=\"wp-block-cover alignfull\" style=\"min-height:600px;aspect-ratio:unset;\"><span aria-hidden=\"true\" class=\"wp-block-cover__background has-nv-site-bg-background-color has-background-dim-0 has-background-dim\"><\/span><img loading=\"lazy\" decoding=\"async\" width=\"1261\" height=\"711\" class=\"wp-block-cover__image-background wp-image-3477\" alt=\"\" src=\"https:\/\/fincalaalcudia.com\/wp-content\/uploads\/2024\/05\/imagen_2024-05-16_125548647.png\" data-object-fit=\"cover\" srcset=\"https:\/\/fincalaalcudia.com\/wp-content\/uploads\/2024\/05\/imagen_2024-05-16_125548647.png 1261w, https:\/\/fincalaalcudia.com\/wp-content\/uploads\/2024\/05\/imagen_2024-05-16_125548647-300x169.png 300w, https:\/\/fincalaalcudia.com\/wp-content\/uploads\/2024\/05\/imagen_2024-05-16_125548647-1024x577.png 1024w, https:\/\/fincalaalcudia.com\/wp-content\/uploads\/2024\/05\/imagen_2024-05-16_125548647-768x433.png 768w, https:\/\/fincalaalcudia.com\/wp-content\/uploads\/2024\/05\/imagen_2024-05-16_125548647-18x10.png 18w\" sizes=\"auto, (max-width: 1261px) 100vw, 1261px\" \/><div class=\"wp-block-cover__inner-container is-layout-flow wp-block-cover-is-layout-flow\">\n<h1 class=\"wp-block-heading has-text-align-center has-nv-site-bg-color has-text-color\" style=\"font-size:40px\">Finca para eventos en Madrid.<br>Celebrando momentos inolvidables<\/h1>\n\n\n\n<div style=\"height:61px\" aria-hidden=\"true\" class=\"wp-block-spacer\"><\/div>\n\n\n\n<p class=\"has-text-align-center has-nv-site-bg-color has-text-color has-link-color has-medium-font-size wp-elements-009840304b0048dbf0fdb37dec77435d\">Finca para eventos en Madrid La Alcudia, un oasis de paz y belleza a solo 25 minutos de Madrid, te ofrece el escenario perfecto para celebrar los momentos m\u00e1s especiales de tu vida.<\/p>\n<\/div><\/div>\n\n\n\n<div class=\"wp-block-cover alignfull\" style=\"min-height:600px;aspect-ratio:unset;\"><span aria-hidden=\"true\" class=\"wp-block-cover__background has-nv-dark-bg-background-color has-background-dim-70 has-background-dim\"><\/span><div class=\"wp-block-cover__inner-container is-layout-flow wp-block-cover-is-layout-flow\">\n<div class=\"wp-block-group\"><div class=\"wp-block-group__inner-container is-layout-flow wp-block-group-is-layout-flow\">\n<div style=\"height:80px\" aria-hidden=\"true\" class=\"wp-block-spacer\"><\/div>\n\n\n\n<div class=\"wp-block-columns is-layout-flex wp-container-core-columns-is-layout-9d6595d7 wp-block-columns-is-layout-flex\">\n<div class=\"wp-block-column is-vertically-aligned-center is-layout-flow wp-block-column-is-layout-flow\" style=\"flex-basis:50%\">\n<figure class=\"wp-block-image size-full\"><img loading=\"lazy\" decoding=\"async\" width=\"960\" height=\"641\" src=\"http:\/\/fincalaalcudia.com\/wp-content\/uploads\/2024\/05\/finca-la-alcudia-bodas-madrid-7-1-1.webp\" alt=\"\" class=\"wp-image-3308\" srcset=\"https:\/\/fincalaalcudia.com\/wp-content\/uploads\/2024\/05\/finca-la-alcudia-bodas-madrid-7-1-1.webp 960w, https:\/\/fincalaalcudia.com\/wp-content\/uploads\/2024\/05\/finca-la-alcudia-bodas-madrid-7-1-1-300x200.webp 300w, https:\/\/fincalaalcudia.com\/wp-content\/uploads\/2024\/05\/finca-la-alcudia-bodas-madrid-7-1-1-768x513.webp 768w, https:\/\/fincalaalcudia.com\/wp-content\/uploads\/2024\/05\/finca-la-alcudia-bodas-madrid-7-1-1-18x12.webp 18w, https:\/\/fincalaalcudia.com\/wp-content\/uploads\/2024\/05\/finca-la-alcudia-bodas-madrid-7-1-1-930x620.webp 930w\" sizes=\"auto, (max-width: 960px) 100vw, 960px\" \/><\/figure>\n<\/div>\n\n\n\n<div class=\"wp-block-column is-vertically-aligned-center is-layout-flow wp-block-column-is-layout-flow\" style=\"flex-basis:50%\">\n<div style=\"height:20px\" aria-hidden=\"true\" class=\"wp-block-spacer\"><\/div>\n\n\n\n<h2 class=\"wp-block-heading has-text-align-left has-nv-site-bg-color has-text-color\">La magia de un bautizo inolvidable<\/h2>\n\n\n\n<p class=\"has-nv-site-bg-color has-text-color has-link-color wp-elements-1a823d38671e094c481a944625850aba\">Un d\u00eda lleno de emociones, alegr\u00eda y recuerdos que quedar\u00e1n grabados para siempre en la memoria de toda la familia. En Finca La Alcudia, queremos ayudarte a hacer de este d\u00eda un momento m\u00e1gico e inolvidable.<\/p>\n\n\n\n<p class=\"has-nv-site-bg-color has-text-color has-link-color wp-elements-91ff7d5dd70ddb4fbe9983227304d48c\"><strong>Celebrar la ceremonia en un entorno natural incomparable<\/strong>, rodeados de frondosos jardines y espacios \u00fanicos que crear\u00e1n un ambiente m\u00e1gico y solemne. <\/p>\n\n\n\n<p class=\"has-nv-site-bg-color has-text-color has-link-color wp-elements-86a4168b0e57544a6fb810351a3a4995\"><strong>Disfrutar de un banquete delicioso y personalizado<\/strong>, elaborado con productos frescos y de temporada, para que todos los invitados disfruten de una experiencia gastron\u00f3mica inolvidable.<\/p>\n\n\n\n<div class=\"wp-block-buttons is-content-justification-center is-layout-flex wp-container-core-buttons-is-layout-16018d1d wp-block-buttons-is-layout-flex\">\n<div class=\"wp-block-button is-style-primary\"><a class=\"wp-block-button__link wp-element-button\" href=\"Tel:677631676\"> Book Your Venue Tour Today<\/a><\/div>\n\n\n\n<div class=\"wp-block-button is-style-primary\"><a class=\"wp-block-button__link wp-element-button\" href=\"https:\/\/fincalaalcudia.com\/en\/finca-contacto\/\">Contact with us<\/a><\/div>\n<\/div>\n<\/div>\n<\/div>\n\n\n\n<div style=\"height:40px\" aria-hidden=\"true\" class=\"wp-block-spacer\"><\/div>\n<\/div><\/div>\n<\/div><\/div>\n\n\n\n<div class=\"wp-block-cover alignfull is-light\" style=\"min-height:600px;aspect-ratio:unset;\"><span aria-hidden=\"true\" class=\"wp-block-cover__background has-background-dim-0 has-background-dim\" style=\"background-color:#06656f\"><\/span><div class=\"wp-block-cover__inner-container is-layout-flow wp-block-cover-is-layout-flow\">\n<div class=\"wp-block-group\"><div class=\"wp-block-group__inner-container is-layout-flow wp-block-group-is-layout-flow\">\n<div style=\"height:80px\" aria-hidden=\"true\" class=\"wp-block-spacer\"><\/div>\n\n\n\n<div class=\"wp-block-columns is-layout-flex wp-container-core-columns-is-layout-9d6595d7 wp-block-columns-is-layout-flex\">\n<div class=\"wp-block-column is-vertically-aligned-center is-layout-flow wp-block-column-is-layout-flow\" style=\"flex-basis:50%\">\n<h2 class=\"wp-block-heading has-text-align-left has-nv-dark-bg-color has-text-color\">Cumplea\u00f1os especial en la Finca para eventos en Madrid<\/h2>\n\n\n\n<p class=\"has-nv-dark-bg-color has-text-color has-link-color wp-elements-3ed7b46207f01bc356665724a22fa83e\">\u00bfBuscas un lugar especial para celebrar el cumplea\u00f1os de tu hijo\/a? Finca La Alcudia es el lugar ideal. Te ofrecemos:<\/p>\n\n\n\n<ul class=\"has-nv-dark-bg-color has-text-color has-link-color wp-block-list wp-elements-38e1990000678a348042a00d6f9707d0\">\n<li><strong>Espacios vers\u00e1tiles y personalizados<\/strong>, para que la fiesta sea como la imaginas.<\/li>\n\n\n\n<li><strong>Animaci\u00f3n y juegos<\/strong> para que los ni\u00f1os se lo pasen en grande.<\/li>\n\n\n\n<li class=\" translation-block\">Creative Kids' Menus with Fresh, Locally-Sourced Ingredients: A Fun &amp; Flavorful Dining Experience for Children<\/li>\n\n\n\n<li><strong>Tartas de cumplea\u00f1os personalizadas<\/strong>, para que el cumplea\u00f1ero\/a se sienta como un rey\/reina.<\/li>\n\n\n\n<li>Un d\u00eda lleno de <strong>risas, juegos y diversi\u00f3n<\/strong> que tu hijo\/a nunca olvidar\u00e1.<\/li>\n<\/ul>\n\n\n\n<div class=\"wp-block-buttons is-content-justification-center is-layout-flex wp-container-core-buttons-is-layout-16018d1d wp-block-buttons-is-layout-flex\">\n<div class=\"wp-block-button is-style-secondary\"><a class=\"wp-block-button__link wp-element-button\" href=\"Tel:677631676\"> Book Your Venue Tour Today<\/a><\/div>\n\n\n\n<div class=\"wp-block-button is-style-secondary\"><a class=\"wp-block-button__link wp-element-button\" href=\"https:\/\/fincalaalcudia.com\/en\/#galeria\">Visita nuestra Galer\u00eda<\/a><\/div>\n<\/div>\n<\/div>\n\n\n\n<div class=\"wp-block-column is-layout-flow wp-block-column-is-layout-flow\" style=\"flex-basis:50%\">\n<figure class=\"wp-block-image size-full\"><img loading=\"lazy\" decoding=\"async\" width=\"2464\" height=\"1648\" src=\"http:\/\/fincalaalcudia.com\/wp-content\/uploads\/2024\/05\/finca-la-alcudia-bodas-madrid-9.png\" alt=\"\" class=\"wp-image-3276\" style=\"aspect-ratio:1;object-fit:cover\" srcset=\"https:\/\/fincalaalcudia.com\/wp-content\/uploads\/2024\/05\/finca-la-alcudia-bodas-madrid-9.png 2464w, https:\/\/fincalaalcudia.com\/wp-content\/uploads\/2024\/05\/finca-la-alcudia-bodas-madrid-9-300x201.png 300w, https:\/\/fincalaalcudia.com\/wp-content\/uploads\/2024\/05\/finca-la-alcudia-bodas-madrid-9-1024x685.png 1024w, https:\/\/fincalaalcudia.com\/wp-content\/uploads\/2024\/05\/finca-la-alcudia-bodas-madrid-9-768x514.png 768w, https:\/\/fincalaalcudia.com\/wp-content\/uploads\/2024\/05\/finca-la-alcudia-bodas-madrid-9-1536x1027.png 1536w, https:\/\/fincalaalcudia.com\/wp-content\/uploads\/2024\/05\/finca-la-alcudia-bodas-madrid-9-2048x1370.png 2048w, https:\/\/fincalaalcudia.com\/wp-content\/uploads\/2024\/05\/finca-la-alcudia-bodas-madrid-9-18x12.png 18w\" sizes=\"auto, (max-width: 2464px) 100vw, 2464px\" \/><\/figure>\n<\/div>\n<\/div>\n\n\n\n<div style=\"height:40px\" aria-hidden=\"true\" class=\"wp-block-spacer\"><\/div>\n<\/div><\/div>\n<\/div><\/div>\n\n\n\n<div class=\"wp-block-cover alignfull\" style=\"min-height:600px;aspect-ratio:unset;\"><span aria-hidden=\"true\" class=\"wp-block-cover__background has-nv-dark-bg-background-color has-background-dim-80 has-background-dim\"><\/span><div class=\"wp-block-cover__inner-container is-layout-flow wp-block-cover-is-layout-flow\">\n<div class=\"wp-block-group\"><div class=\"wp-block-group__inner-container is-layout-flow wp-block-group-is-layout-flow\">\n<div style=\"height:80px\" aria-hidden=\"true\" class=\"wp-block-spacer\"><\/div>\n\n\n\n<div class=\"wp-block-columns is-layout-flex wp-container-core-columns-is-layout-9d6595d7 wp-block-columns-is-layout-flex\">\n<div class=\"wp-block-column is-vertically-aligned-center is-layout-flow wp-block-column-is-layout-flow\" style=\"flex-basis:50%\">\n<figure class=\"wp-block-image size-full\"><img loading=\"lazy\" decoding=\"async\" width=\"960\" height=\"640\" src=\"http:\/\/fincalaalcudia.com\/wp-content\/uploads\/2024\/05\/20170527-135906_1_2600.webp\" alt=\"\" class=\"wp-image-3367\" style=\"aspect-ratio:1;object-fit:cover\" srcset=\"https:\/\/fincalaalcudia.com\/wp-content\/uploads\/2024\/05\/20170527-135906_1_2600.webp 960w, https:\/\/fincalaalcudia.com\/wp-content\/uploads\/2024\/05\/20170527-135906_1_2600-300x200.webp 300w, https:\/\/fincalaalcudia.com\/wp-content\/uploads\/2024\/05\/20170527-135906_1_2600-768x512.webp 768w, https:\/\/fincalaalcudia.com\/wp-content\/uploads\/2024\/05\/20170527-135906_1_2600-18x12.webp 18w, https:\/\/fincalaalcudia.com\/wp-content\/uploads\/2024\/05\/20170527-135906_1_2600-930x620.webp 930w\" sizes=\"auto, (max-width: 960px) 100vw, 960px\" \/><\/figure>\n<\/div>\n\n\n\n<div class=\"wp-block-column is-vertically-aligned-center is-layout-flow wp-block-column-is-layout-flow\" style=\"flex-basis:50%\">\n<div style=\"height:20px\" aria-hidden=\"true\" class=\"wp-block-spacer\"><\/div>\n\n\n\n<h2 class=\"wp-block-heading has-nv-site-bg-color has-text-color has-link-color wp-elements-aaac8938e2c13f5f88b4b7aa66a32e3d\">En Finca La Alcudia, tambi\u00e9n organizamos ventos de empresa. <\/h2>\n\n\n\n<p class=\"has-nv-site-bg-color has-text-color has-link-color wp-elements-8d4f19066593d83647e972766ec4c4d4\">Te ofrecemos:<\/p>\n\n\n\n<p class=\"has-nv-site-bg-color has-text-color has-link-color wp-elements-367d007c22c844f8bfa434bcb105e5ae\"><strong>Espacios amplios y di\u00e1fanos<\/strong>, perfectos para reuniones, conferencias, congresos y eventos de todo tipo. <\/p>\n\n\n\n<p class=\"has-nv-site-bg-color has-text-color has-link-color wp-elements-4cdedd0c1889961c75a6cfff82bd6c17\"><strong>Equipamiento t\u00e9cnico de \u00faltima generaci\u00f3n<\/strong>, para que tu evento sea un \u00e9xito. <strong>Servicio de catering personalizado<\/strong>, con men\u00fas elaborados con productos frescos y de temporada. <\/p>\n\n\n\n<p class=\"has-nv-site-bg-color has-text-color has-link-color wp-elements-43af22d1f4c3655ca01ff53ea696b55b\"><strong>Un equipo de profesionales<\/strong> que se encargar\u00e1 de que todo salga a la perfecci\u00f3n. Un evento <strong>memorable y productivo<\/strong> para tu empresa.<\/p>\n\n\n\n<div class=\"wp-block-buttons is-content-justification-center is-layout-flex wp-container-core-buttons-is-layout-16018d1d wp-block-buttons-is-layout-flex\">\n<div class=\"wp-block-button is-style-primary\"><a class=\"wp-block-button__link wp-element-button\" href=\"https:\/\/fincalaalcudia.com\/en\/finca-contacto\/\">Contact with us<\/a><\/div>\n<\/div>\n<\/div>\n<\/div>\n\n\n\n<div style=\"height:40px\" aria-hidden=\"true\" class=\"wp-block-spacer\"><\/div>\n<\/div><\/div>\n<\/div><\/div>\n\n\n\n<div class=\"wp-block-cover alignfull\" style=\"min-height:200px;aspect-ratio:unset;\"><span aria-hidden=\"true\" class=\"wp-block-cover__background has-nv-dark-bg-background-color has-background-dim-80 has-background-dim\"><\/span><div class=\"wp-block-cover__inner-container is-layout-constrained wp-block-cover-is-layout-constrained\">\n<div style=\"height:40px\" aria-hidden=\"true\" class=\"wp-block-spacer\"><\/div>\n\n\n\n<h4 class=\"wp-block-heading has-text-align-center has-nv-site-bg-color has-text-color has-link-color wp-elements-97f410ee293dfbeae3487c90653d0b52\"><strong>Finca La Alcudia: El lugar perfecto para celebrar cualquier tipo de evento.<\/strong><\/h4>\n\n\n\n<p class=\"has-text-align-center has-nv-site-bg-color has-text-color has-link-color wp-elements-2af5d0259d641b848f7cd5442a6162b8\"><strong>Get in touch for a free, no-obligation quote.<\/strong><\/p>\n\n\n\n<p class=\"has-text-align-center has-nv-site-bg-color has-text-color has-link-color wp-elements-c66f518bdecde263101ab5b867b38cbb\"><strong>Finca La Alcudia: Tu oasis de celebraciones.<\/strong><\/p>\n\n\n\n<div class=\"wp-block-buttons is-content-justification-center is-layout-flex wp-container-core-buttons-is-layout-16018d1d wp-block-buttons-is-layout-flex\">\n<div class=\"wp-block-button is-style-primary\"><a class=\"wp-block-button__link wp-element-button\" href=\"https:\/\/fincalaalcudia.com\/en\/#galeria\">Visita nuestra Galer\u00eda<\/a><\/div>\n\n\n\n<div class=\"wp-block-button is-style-primary\"><a class=\"wp-block-button__link wp-element-button\" href=\"https:\/\/fincalaalcudia.com\/en\/finca-contacto\/\">Contact with us<\/a><\/div>\n<\/div>\n\n\n\n<div style=\"height:40px\" aria-hidden=\"true\" class=\"wp-block-spacer\"><\/div>\n<\/div><\/div>","protected":false},"excerpt":{"rendered":"","protected":false},"author":1,"featured_media":0,"parent":0,"menu_order":0,"comment_status":"closed","ping_status":"closed","template":"","meta":{"neve_meta_sidebar":"default","neve_meta_container":"","neve_meta_enable_content_width":"on","neve_meta_content_width":100,"neve_meta_title_alignment":"","neve_meta_author_avatar":"","neve_post_elements_order":"","neve_meta_disable_header":"","neve_meta_disable_footer":"","neve_meta_disable_title":"on","_themeisle_gutenberg_block_has_review":false,"_joinchat":[],"footnotes":""},"class_list":["post-3120","page","type-page","status-publish","hentry"],"_links":{"self":[{"href":"https:\/\/fincalaalcudia.com\/en\/wp-json\/wp\/v2\/pages\/3120","targetHints":{"allow":["GET"]}}],"collection":[{"href":"https:\/\/fincalaalcudia.com\/en\/wp-json\/wp\/v2\/pages"}],"about":[{"href":"https:\/\/fincalaalcudia.com\/en\/wp-json\/wp\/v2\/types\/page"}],"author":[{"embeddable":true,"href":"https:\/\/fincalaalcudia.com\/en\/wp-json\/wp\/v2\/users\/1"}],"replies":[{"embeddable":true,"href":"https:\/\/fincalaalcudia.com\/en\/wp-json\/wp\/v2\/comments?post=3120"}],"version-history":[{"count":36,"href":"https:\/\/fincalaalcudia.com\/en\/wp-json\/wp\/v2\/pages\/3120\/revisions"}],"predecessor-version":[{"id":3622,"href":"https:\/\/fincalaalcudia.com\/en\/wp-json\/wp\/v2\/pages\/3120\/revisions\/3622"}],"wp:attachment":[{"href":"https:\/\/fincalaalcudia.com\/en\/wp-json\/wp\/v2\/media?parent=3120"}],"curies":[{"name":"wp","href":"https:\/\/api.w.org\/{rel}","templated":true}]}}