{"id":3528,"date":"2024-05-16T14:11:04","date_gmt":"2024-05-16T14:11:04","guid":{"rendered":"https:\/\/fincalaalcudia.com\/?page_id=3528"},"modified":"2024-06-18T09:06:03","modified_gmt":"2024-06-18T09:06:03","slug":"eventos-empresa","status":"publish","type":"page","link":"https:\/\/fincalaalcudia.com\/en\/eventos-empresa\/","title":{"rendered":"Business Events"},"content":{"rendered":"<div class=\"wp-block-cover alignfull\" style=\"min-height:600px;aspect-ratio:unset;\"><span aria-hidden=\"true\" class=\"wp-block-cover__background has-background-dim-0 has-background-dim\" style=\"background-color:#64656b\"><\/span><img loading=\"lazy\" decoding=\"async\" width=\"1600\" height=\"1200\" class=\"wp-block-cover__image-background wp-image-3535\" alt=\"\" src=\"http:\/\/fincalaalcudia.com\/wp-content\/uploads\/2024\/05\/EVENTOS-CORPORATIVOS-FINCA.jpg\" style=\"object-position:53% 76%\" data-object-fit=\"cover\" data-object-position=\"53% 76%\" srcset=\"https:\/\/fincalaalcudia.com\/wp-content\/uploads\/2024\/05\/EVENTOS-CORPORATIVOS-FINCA.jpg 1600w, https:\/\/fincalaalcudia.com\/wp-content\/uploads\/2024\/05\/EVENTOS-CORPORATIVOS-FINCA-300x225.jpg 300w, https:\/\/fincalaalcudia.com\/wp-content\/uploads\/2024\/05\/EVENTOS-CORPORATIVOS-FINCA-1024x768.jpg 1024w, https:\/\/fincalaalcudia.com\/wp-content\/uploads\/2024\/05\/EVENTOS-CORPORATIVOS-FINCA-768x576.jpg 768w, https:\/\/fincalaalcudia.com\/wp-content\/uploads\/2024\/05\/EVENTOS-CORPORATIVOS-FINCA-1536x1152.jpg 1536w, https:\/\/fincalaalcudia.com\/wp-content\/uploads\/2024\/05\/EVENTOS-CORPORATIVOS-FINCA-16x12.jpg 16w\" sizes=\"auto, (max-width: 1600px) 100vw, 1600px\" \/><div class=\"wp-block-cover__inner-container is-layout-constrained wp-block-cover-is-layout-constrained\">\n<h1 class=\"wp-block-heading has-text-align-center has-nv-site-bg-color has-text-color has-link-color wp-elements-6f8f679af22c1d6200a5eac097da0374 translation-block\">Finca La Alcudia: The Perfect Venue for Your Corporate Events<\/h1>\n\n\n\n<p class=\"has-text-align-center has-nv-site-bg-color has-text-color has-link-color wp-elements-3ee8d19b8a1df67f098394dd8db4ce46\"><strong>Discover the Perfect Unique Venue for Your Corporate Event: Exclusive Spaces for Unforgettable Experiences<\/strong> <br>At La Alcudia Estate, we provide everything you need to make your event an unforgettable<\/p>\n<\/div><\/div>\n\n\n\n<div class=\"wp-block-cover alignfull ticss-ad467de3\" style=\"min-height:600px;aspect-ratio:unset;\"><span aria-hidden=\"true\" class=\"wp-block-cover__background has-nv-site-bg-background-color has-background-dim-100 has-background-dim\"><\/span><div class=\"wp-block-cover__inner-container is-layout-flow wp-block-cover-is-layout-flow\">\n<div class=\"wp-block-group\"><div class=\"wp-block-group__inner-container is-layout-flow wp-block-group-is-layout-flow\">\n<div style=\"height:80px\" aria-hidden=\"true\" class=\"wp-block-spacer\"><\/div>\n\n\n\n<h2 class=\"wp-block-heading alignwide has-text-align-right has-nv-dark-bg-color has-text-color\">What type of company events do we organize?<\/h2>\n\n\n\n<div class=\"wp-block-columns is-layout-flex wp-container-core-columns-is-layout-9d6595d7 wp-block-columns-is-layout-flex\">\n<div class=\"wp-block-column is-vertically-aligned-center is-layout-flow wp-block-column-is-layout-flow\" style=\"flex-basis:50%\">\n<figure class=\"wp-block-image size-full\"><img loading=\"lazy\" decoding=\"async\" width=\"1500\" height=\"1001\" src=\"http:\/\/fincalaalcudia.com\/wp-content\/uploads\/2019\/10\/ManCris-89.jpg\" alt=\"Eventos para empresas\" class=\"wp-image-1409\" srcset=\"https:\/\/fincalaalcudia.com\/wp-content\/uploads\/2019\/10\/ManCris-89.jpg 1500w, https:\/\/fincalaalcudia.com\/wp-content\/uploads\/2019\/10\/ManCris-89-300x200.jpg 300w, https:\/\/fincalaalcudia.com\/wp-content\/uploads\/2019\/10\/ManCris-89-768x513.jpg 768w, https:\/\/fincalaalcudia.com\/wp-content\/uploads\/2019\/10\/ManCris-89-1024x683.jpg 1024w, https:\/\/fincalaalcudia.com\/wp-content\/uploads\/2019\/10\/ManCris-89-200x133.jpg 200w, https:\/\/fincalaalcudia.com\/wp-content\/uploads\/2019\/10\/ManCris-89-400x267.jpg 400w, https:\/\/fincalaalcudia.com\/wp-content\/uploads\/2019\/10\/ManCris-89-600x400.jpg 600w, https:\/\/fincalaalcudia.com\/wp-content\/uploads\/2019\/10\/ManCris-89-800x534.jpg 800w, https:\/\/fincalaalcudia.com\/wp-content\/uploads\/2019\/10\/ManCris-89-1200x801.jpg 1200w\" sizes=\"auto, (max-width: 1500px) 100vw, 1500px\" \/><\/figure>\n<\/div>\n\n\n\n<div class=\"wp-block-column is-vertically-aligned-stretch is-layout-flow wp-block-column-is-layout-flow\" style=\"flex-basis:50%\">\n<div style=\"height:20px\" aria-hidden=\"true\" class=\"wp-block-spacer\"><\/div>\n\n\n\n<p class=\"has-nv-dark-bg-color has-text-color has-link-color wp-elements-8d7a68b4e213fc94eb0801f0fc6868a3 translation-block\">Product Launches:  Unveil your latest product or service in an unforgettable setting that will leave a lasting impression on your audience.<\/p>\n\n\n\n<p class=\"has-nv-dark-bg-color has-text-color has-link-color wp-elements-99dafd4f49af39c1233c646e1766a8d7 translation-block\">Conventions and Conferences: Host your team or clients in a spacious and adaptable venue, perfect for large-scale gatherings and networking opportunities.<\/p>\n\n\n\n<p class=\"has-nv-dark-bg-color has-text-color has-link-color wp-elements-f4384b02589fc2590de586426ac30a8f translation-block\">Corporate Events: Celebrate your company's holiday party, summer bash, or any special occasion with colleagues in a unique and memorable environment.<\/p>\n\n\n\n<p class=\"has-nv-dark-bg-color has-text-color has-link-color wp-elements-7ce50dae27bd613442b8d0db230e8b71 translation-block\">Training and Workshops: Conduct your courses or workshops in a peaceful and inspiring space that fosters learning and collaboration.<\/p>\n<\/div>\n\n\n\n<div class=\"wp-block-column is-vertically-aligned-stretch is-layout-flow wp-block-column-is-layout-flow\" style=\"flex-basis:50%\">\n<div style=\"height:20px\" aria-hidden=\"true\" class=\"wp-block-spacer\"><\/div>\n\n\n\n<p class=\"has-nv-dark-bg-color has-text-color has-link-color wp-elements-d73514b1f85ba184a18334378eaa1527 translation-block\">VIP Meetings and Events: Organize exclusive gatherings with your most valued clients or partners in a private and sophisticated atmosphere.<\/p>\n\n\n\n<p class=\"has-nv-dark-bg-color has-text-color has-link-color wp-elements-adc04cc807efdc7be126329374920548\"><strong>Contamos con amplios espacios interiores y exteriores, jardines, piscina y todo lo necesario para que tu evento sea inolvidable. Nuestro equipo de profesionales se encargar\u00e1 de organizar cada detalle para que t\u00fa solo tengas que preocuparte de disfrutar de este d\u00eda tan especial con tus compa\u00f1eros de trabajo<\/strong><\/p>\n\n\n\n<div class=\"wp-block-buttons is-content-justification-center is-layout-flex wp-container-core-buttons-is-layout-16018d1d wp-block-buttons-is-layout-flex\">\n<div class=\"wp-block-button is-style-secondary\"><a class=\"wp-block-button__link wp-element-button\" href=\"Tel:677631676\"> Book Your Venue Tour Today<\/a><\/div>\n\n\n\n<div class=\"wp-block-button is-style-secondary\"><a class=\"wp-block-button__link wp-element-button\" href=\"https:\/\/fincalaalcudia.com\/en\/finca-contacto\/\">Contact with us<\/a><\/div>\n<\/div>\n<\/div>\n<\/div>\n\n\n\n<div style=\"height:40px\" aria-hidden=\"true\" class=\"wp-block-spacer\"><\/div>\n<\/div><\/div>\n<\/div><\/div>\n\n\n\n<div class=\"wp-block-cover alignfull\" style=\"min-height:600px;aspect-ratio:unset;\"><span aria-hidden=\"true\" class=\"wp-block-cover__background has-nv-dark-bg-background-color has-background-dim-80 has-background-dim\"><\/span><div class=\"wp-block-cover__inner-container is-layout-flow wp-block-cover-is-layout-flow\">\n<div style=\"height:80px\" aria-hidden=\"true\" class=\"wp-block-spacer\"><\/div>\n\n\n\n<h2 class=\"wp-block-heading alignwide has-text-align-center\"><strong>Why Choose La Alcudia Estate for Events in Spain?<\/strong><\/h2>\n\n\n\n<div class=\"wp-block-columns are-vertically-aligned-top is-layout-flex wp-container-core-columns-is-layout-9d6595d7 wp-block-columns-is-layout-flex\">\n<div class=\"wp-block-column is-vertically-aligned-top is-layout-flow wp-block-column-is-layout-flow\" style=\"flex-basis:50%\">\n<div style=\"height:12px\" aria-hidden=\"true\" class=\"wp-block-spacer\"><\/div>\n\n\n\n<p class=\"has-nv-site-bg-color has-text-color has-link-color wp-elements-644f91216e6d334e76707abafa770420 translation-block\">A Unique and Exclusive Setting: La Alcudia Estate is nestled in an unparalleled natural setting just 25 minutes from Madrid, offering a truly one-of-a-kind backdrop for your wedding celebration.<\/p>\n\n\n\n<p class=\"has-nv-site-bg-color has-text-color has-link-color wp-elements-8ec4efdc9599b0c23ddc14a0723923c0 translation-block\">Spacious Indoor and Outdoor Venues: With over 10,000 square meters of space, La Alcudia provides a variety of indoor and outdoor venues to accommodate your wedding vision.<\/p>\n\n\n\n<p class=\"has-nv-site-bg-color has-text-color has-link-color wp-elements-62d5947c09dcf36a57929b59b8f5482c translation-block\">Dedicated Team of Professionals: Our experienced team is dedicated to handling every detail of your wedding, from exquisite d\u00e9cor and floral arrangements to customized catering and seamless event coordination.<\/p>\n\n\n\n<p class=\"has-nv-site-bg-color has-text-color has-link-color wp-elements-e90856c428f4fb01fc818015863a2ec8 translation-block\">Personalized Catering Services: Delight your guests with a culinary experience tailored to your preferences.<\/p>\n<\/div>\n\n\n\n<div class=\"wp-block-column is-vertically-aligned-top is-layout-flow wp-block-column-is-layout-flow\" style=\"flex-basis:50%\">\n<div style=\"height:12px\" aria-hidden=\"true\" class=\"wp-block-spacer\"><\/div>\n\n\n\n<p class=\"has-nv-site-bg-color has-text-color has-link-color wp-elements-c97b604bef39b962b5d6471a06c62a07 translation-block\">Diverse Range of Activities: Elevate your wedding celebration with an array of engaging activities. From live music and entertainment to interactive workshops and team-building exercises, we can curate experiences that cater to your unique interests and create lasting memories for you and your guests.<\/p>\n\n\n\n<p class=\"has-nv-site-bg-color has-text-color has-link-color wp-elements-2740918f4ea14e99090d5bd75c0cb6c4\"><strong>Get in touch for a free, no-obligation quote.<\/strong><\/p>\n\n\n\n<p class=\"has-nv-site-bg-color has-text-color has-link-color wp-elements-4624b1dfe6b16634c064fd2f3f086689\"><strong>Plan Your Perfect Corporate Event with Us \u2013 Get a Free, Personalized Quote Today!<\/strong><\/p>\n\n\n\n<div class=\"wp-block-buttons is-content-justification-center is-layout-flex wp-container-core-buttons-is-layout-16018d1d wp-block-buttons-is-layout-flex\">\n<div class=\"wp-block-button is-style-primary\"><a class=\"wp-block-button__link wp-element-button\" href=\"Tel:677631676\"> Book Your Venue Tour Today<\/a><\/div>\n<\/div>\n<\/div>\n\n\n\n<div class=\"wp-block-column is-vertically-aligned-top is-layout-flow wp-block-column-is-layout-flow\" style=\"flex-basis:50%\">\n<figure class=\"wp-block-image size-full\"><img loading=\"lazy\" decoding=\"async\" width=\"1900\" height=\"800\" src=\"http:\/\/fincalaalcudia.com\/wp-content\/uploads\/2023\/10\/bodas02web.webp\" alt=\"Eventos para empresas\" class=\"wp-image-1615\" style=\"aspect-ratio:1;object-fit:cover\" srcset=\"https:\/\/fincalaalcudia.com\/wp-content\/uploads\/2023\/10\/bodas02web.webp 1900w, https:\/\/fincalaalcudia.com\/wp-content\/uploads\/2023\/10\/bodas02web-300x126.webp 300w, https:\/\/fincalaalcudia.com\/wp-content\/uploads\/2023\/10\/bodas02web-1024x431.webp 1024w, https:\/\/fincalaalcudia.com\/wp-content\/uploads\/2023\/10\/bodas02web-768x323.webp 768w, https:\/\/fincalaalcudia.com\/wp-content\/uploads\/2023\/10\/bodas02web-1536x647.webp 1536w, https:\/\/fincalaalcudia.com\/wp-content\/uploads\/2023\/10\/bodas02web-200x84.webp 200w, https:\/\/fincalaalcudia.com\/wp-content\/uploads\/2023\/10\/bodas02web-400x168.webp 400w, https:\/\/fincalaalcudia.com\/wp-content\/uploads\/2023\/10\/bodas02web-600x253.webp 600w, https:\/\/fincalaalcudia.com\/wp-content\/uploads\/2023\/10\/bodas02web-800x337.webp 800w, https:\/\/fincalaalcudia.com\/wp-content\/uploads\/2023\/10\/bodas02web-1200x505.webp 1200w\" sizes=\"auto, (max-width: 1900px) 100vw, 1900px\" \/><\/figure>\n<\/div>\n<\/div>\n\n\n\n<div style=\"height:40px\" aria-hidden=\"true\" class=\"wp-block-spacer\"><\/div>\n<\/div><\/div>","protected":false},"excerpt":{"rendered":"","protected":false},"author":1,"featured_media":0,"parent":0,"menu_order":0,"comment_status":"closed","ping_status":"closed","template":"","meta":{"neve_meta_sidebar":"","neve_meta_container":"","neve_meta_enable_content_width":"","neve_meta_content_width":0,"neve_meta_title_alignment":"","neve_meta_author_avatar":"","neve_post_elements_order":"","neve_meta_disable_header":"","neve_meta_disable_footer":"","neve_meta_disable_title":"on","_themeisle_gutenberg_block_has_review":false,"_joinchat":[],"footnotes":""},"class_list":["post-3528","page","type-page","status-publish","hentry"],"_links":{"self":[{"href":"https:\/\/fincalaalcudia.com\/en\/wp-json\/wp\/v2\/pages\/3528","targetHints":{"allow":["GET"]}}],"collection":[{"href":"https:\/\/fincalaalcudia.com\/en\/wp-json\/wp\/v2\/pages"}],"about":[{"href":"https:\/\/fincalaalcudia.com\/en\/wp-json\/wp\/v2\/types\/page"}],"author":[{"embeddable":true,"href":"https:\/\/fincalaalcudia.com\/en\/wp-json\/wp\/v2\/users\/1"}],"replies":[{"embeddable":true,"href":"https:\/\/fincalaalcudia.com\/en\/wp-json\/wp\/v2\/comments?post=3528"}],"version-history":[{"count":37,"href":"https:\/\/fincalaalcudia.com\/en\/wp-json\/wp\/v2\/pages\/3528\/revisions"}],"predecessor-version":[{"id":3687,"href":"https:\/\/fincalaalcudia.com\/en\/wp-json\/wp\/v2\/pages\/3528\/revisions\/3687"}],"wp:attachment":[{"href":"https:\/\/fincalaalcudia.com\/en\/wp-json\/wp\/v2\/media?parent=3528"}],"curies":[{"name":"wp","href":"https:\/\/api.w.org\/{rel}","templated":true}]}}