{"id":3593,"date":"2024-05-27T08:11:30","date_gmt":"2024-05-27T08:11:30","guid":{"rendered":"https:\/\/fincalaalcudia.com\/?page_id=3593"},"modified":"2024-05-27T08:12:37","modified_gmt":"2024-05-27T08:12:37","slug":"accesibilidad","status":"publish","type":"page","link":"https:\/\/fincalaalcudia.com\/en\/accesibilidad\/","title":{"rendered":"Accesibilidad"},"content":{"rendered":"<h1 class=\"wp-block-heading\">Accesibilidad<\/h1>\n\n\n\n<h2 class=\"wp-block-heading\"><strong>POL\u00cdTICA DE ACCESIBILIDAD<\/strong><\/h2>\n\n\n\n<p>La empresa\u00a0<strong>Finca la Alcudia<\/strong>\u00a0se ha comprometido a hacer accesible su sitio web de conformidad con el Real Decreto 1112\/2018, de 7 de septiembre, sobre accesibilidad de los sitios web y aplicaciones para dispositivos m\u00f3viles del sector p\u00fablico, o desarrollos financiados desde Europa.<br>La presente declaraci\u00f3n de accesibilidad se aplica al sitio web , excluyendo los contenidos incrustados provenientes de otros dominios.<\/p>\n\n\n\n<h3 class=\"wp-block-heading\"><strong>SITUACI\u00d3N DE CUMPLIMIENTO<\/strong><\/h3>\n\n\n\n<p>Este sitio web es Parcialmente Conforme con el RD 1112\/2018 debido a la falta de conformidad de los aspectos que se indican a continuaci\u00f3n.<\/p>\n\n\n\n<h3 class=\"wp-block-heading\"><strong>CONTENIDO NO ACCESIBLE<\/strong><\/h3>\n\n\n\n<p>El contenido que se recoge a continuaci\u00f3n no es accesible por los siguientes motivos:<\/p>\n\n\n\n<h3 class=\"wp-block-heading\"><strong>Falta de conformidad:<\/strong><\/h3>\n\n\n\n<p><br>\u25e6 Algunas de las p\u00e1ginas no tienen definido su t\u00edtulo correctamente \u2013 Requisito n\u00famero 9.2.4.2 Titulado de p\u00e1ginas de UNE-EN 301549:2022<br>\u25e6 Pueden existir algunas im\u00e1genes cuya alternativa no est\u00e9 implementada o no sea correcta \u2013 \u2013 Requisito&nbsp;<strong>9.1.1.1 Contenido no textual<\/strong>&nbsp;UNE-EN 301549:2022<br>\u25e6 Pueden existir encabezados que no sean claros o breves, o que no deber\u00edan ser encabezados \u2013 Requisito n\u00famero 9.2.4.6 Encabezados<br>y etiquetas de UNE-EN 301549:2022<br>\u25e6 Puede haber campos de formulario donde su etiqueta no sea correcta o no exista \u2013 Requisito n\u00famero 9.2.5.3 Inclusi\u00f3n de la etiqueta en el nombre de UNE-EN 301549:2022 y requisito 9.3.3.2 Etiquetas o instrucciones de UNE-EN 301549:2022<br>\u25e6 Podr\u00edan existir fallos puntuales de edici\u00f3n en alguna p\u00e1gina web.<br>Carga desproporcionada: No resulta aplicable.<br>El contenido no entra dentro del \u00e1mbito de la legislaci\u00f3n aplicable.\u2022<\/p>\n\n\n\n<p>Podr\u00edan existir archivos ofim\u00e1ticos en PDF u otros formatos publicados antes del 20 de septiembre de 2018 que no cumplan en su totalidad todos los requisitos de accesibilidad.<\/p>\n\n\n\n<p>Puede haber contenidos de terceros que no est\u00e9n desarrollados en esta Unidad, ni bajo su control, como archivos ofim\u00e1ticos de diferentes organismos que deban publicarse en este sitio.<\/p>\n\n\n\n<h3 class=\"wp-block-heading\">OBSERVACIONES Y DATOS DE CONTACTO<\/h3>\n\n\n\n<p>Puede realizar comunicaciones sobre requisitos de accesibilidad [art\u00edculo 10.2.a) del RD 1112\/2018] como, por ejemplo:<\/p>\n\n\n\n<p>Informar sobre cualquier posible incumplimiento por parte de este sitio web.<br>Transmitir otras dificultades de acceso al contenido.<br>Formular cualquier otra consulta o sugerencia de mejora relativa a la accesibilidad del sitio web llamando al tel\u00e9fono\u00a0<strong><strong>91 815 88 96<\/strong><\/strong><\/p>\n\n\n\n<p>Puede presentar:<\/p>\n\n\n\n<ul class=\"wp-block-list\">\n<li>Una queja relativa al cumplimiento de los requisitos del RD 1112\/2018<\/li>\n\n\n\n<li>Una solicitud de informaci\u00f3n accesible relativa a:<\/li>\n<\/ul>\n\n\n\n<p>\u25e6 Contenidos que est\u00e1n excluidos del \u00e1mbito de aplicaci\u00f3n del RD 1112\/2018 seg\u00fan lo establecido por el art\u00edculo 3, apartado 4.<br>\u25e6 Contenidos que est\u00e1n exentos del cumplimiento de los requisitos de accesibilidad por imponer una carga desproporcionada.<\/p>\n\n\n\n<p>En la solicitud de informaci\u00f3n accesible, se debe concretar, con toda claridad, los hechos, razones y petici\u00f3n que permitan constatar que se trata de una solicitud razonable y leg\u00edtima.<\/p>","protected":false},"excerpt":{"rendered":"<p>Accesibilidad POL\u00cdTICA DE ACCESIBILIDAD La empresa\u00a0Finca la Alcudia\u00a0se ha comprometido a hacer accesible su sitio web de conformidad con el Real Decreto 1112\/2018, de 7 de septiembre, sobre accesibilidad de los sitios web y aplicaciones para dispositivos m\u00f3viles del sector p\u00fablico, o desarrollos financiados desde Europa.La presente declaraci\u00f3n de accesibilidad se aplica al sitio web&hellip;&nbsp;<a href=\"https:\/\/fincalaalcudia.com\/en\/accesibilidad\/\" class=\"\" rel=\"bookmark\">Read More &raquo;<span class=\"screen-reader-text\">Accesibilidad<\/span><\/a><\/p>","protected":false},"author":1,"featured_media":0,"parent":0,"menu_order":0,"comment_status":"closed","ping_status":"closed","template":"","meta":{"neve_meta_sidebar":"","neve_meta_container":"","neve_meta_enable_content_width":"","neve_meta_content_width":0,"neve_meta_title_alignment":"","neve_meta_author_avatar":"","neve_post_elements_order":"","neve_meta_disable_header":"","neve_meta_disable_footer":"","neve_meta_disable_title":"on","_themeisle_gutenberg_block_has_review":false,"_joinchat":[],"footnotes":""},"class_list":["post-3593","page","type-page","status-publish","hentry"],"_links":{"self":[{"href":"https:\/\/fincalaalcudia.com\/en\/wp-json\/wp\/v2\/pages\/3593","targetHints":{"allow":["GET"]}}],"collection":[{"href":"https:\/\/fincalaalcudia.com\/en\/wp-json\/wp\/v2\/pages"}],"about":[{"href":"https:\/\/fincalaalcudia.com\/en\/wp-json\/wp\/v2\/types\/page"}],"author":[{"embeddable":true,"href":"https:\/\/fincalaalcudia.com\/en\/wp-json\/wp\/v2\/users\/1"}],"replies":[{"embeddable":true,"href":"https:\/\/fincalaalcudia.com\/en\/wp-json\/wp\/v2\/comments?post=3593"}],"version-history":[{"count":2,"href":"https:\/\/fincalaalcudia.com\/en\/wp-json\/wp\/v2\/pages\/3593\/revisions"}],"predecessor-version":[{"id":3596,"href":"https:\/\/fincalaalcudia.com\/en\/wp-json\/wp\/v2\/pages\/3593\/revisions\/3596"}],"wp:attachment":[{"href":"https:\/\/fincalaalcudia.com\/en\/wp-json\/wp\/v2\/media?parent=3593"}],"curies":[{"name":"wp","href":"https:\/\/api.w.org\/{rel}","templated":true}]}}