{"id":75,"date":"2020-01-27T08:29:32","date_gmt":"2020-01-27T08:29:32","guid":{"rendered":"https:\/\/demosites.io\/web-agency-gb\/?page_id=75"},"modified":"2024-06-03T13:30:11","modified_gmt":"2024-06-03T13:30:11","slug":"finca-contacto","status":"publish","type":"page","link":"https:\/\/fincalaalcudia.com\/en\/finca-contacto\/","title":{"rendered":"Contact Us"},"content":{"rendered":"<div class=\"wp-block-cover alignfull is-light\" style=\"min-height:600px;aspect-ratio:unset;\"><span aria-hidden=\"true\" class=\"wp-block-cover__background has-nv-site-bg-background-color has-background-dim-0 has-background-dim\"><\/span><img loading=\"lazy\" decoding=\"async\" width=\"1900\" height=\"800\" class=\"wp-block-cover__image-background wp-image-1635\" alt=\"\" src=\"http:\/\/fincalaalcudia.com\/wp-content\/uploads\/2023\/10\/contacto01-web.webp\" style=\"object-position:55% 10%\" data-object-fit=\"cover\" data-object-position=\"55% 10%\" srcset=\"https:\/\/fincalaalcudia.com\/wp-content\/uploads\/2023\/10\/contacto01-web.webp 1900w, https:\/\/fincalaalcudia.com\/wp-content\/uploads\/2023\/10\/contacto01-web-300x126.webp 300w, https:\/\/fincalaalcudia.com\/wp-content\/uploads\/2023\/10\/contacto01-web-1024x431.webp 1024w, https:\/\/fincalaalcudia.com\/wp-content\/uploads\/2023\/10\/contacto01-web-768x323.webp 768w, https:\/\/fincalaalcudia.com\/wp-content\/uploads\/2023\/10\/contacto01-web-1536x647.webp 1536w, https:\/\/fincalaalcudia.com\/wp-content\/uploads\/2023\/10\/contacto01-web-200x84.webp 200w, https:\/\/fincalaalcudia.com\/wp-content\/uploads\/2023\/10\/contacto01-web-400x168.webp 400w, https:\/\/fincalaalcudia.com\/wp-content\/uploads\/2023\/10\/contacto01-web-600x253.webp 600w, https:\/\/fincalaalcudia.com\/wp-content\/uploads\/2023\/10\/contacto01-web-800x337.webp 800w, https:\/\/fincalaalcudia.com\/wp-content\/uploads\/2023\/10\/contacto01-web-1200x505.webp 1200w\" sizes=\"auto, (max-width: 1900px) 100vw, 1900px\" \/><div class=\"wp-block-cover__inner-container is-layout-flow wp-block-cover-is-layout-flow\">\n<h1 class=\"wp-block-heading has-text-align-center has-nv-site-bg-color has-text-color has-link-color wp-elements-87e5cb729899a618d78cd6944100cd3b\">Get in Touch with La Alcudia<\/h1>\n<\/div><\/div>\n\n\n\n<div class=\"wp-block-cover alignfull is-light\" style=\"min-height:420px;aspect-ratio:unset;\"><span aria-hidden=\"true\" class=\"wp-block-cover__background has-nv-light-bg-background-color has-background-dim-0 has-background-dim\"><\/span><div class=\"wp-block-cover__inner-container is-layout-flow wp-block-cover-is-layout-flow\">\n<div style=\"height:80px\" aria-hidden=\"true\" class=\"wp-block-spacer\"><\/div>\n\n\n\n<div class=\"wp-block-columns is-layout-flex wp-container-core-columns-is-layout-9d6595d7 wp-block-columns-is-layout-flex\">\n<div class=\"wp-block-column is-vertically-aligned-center ticss-4ce656f1 is-layout-flow wp-block-column-is-layout-flow\">\n<div class=\"wp-block-group has-nv-site-bg-background-color has-background\"><div class=\"wp-block-group__inner-container is-layout-flow wp-block-group-is-layout-flow\">\n<div style=\"height:24px\" aria-hidden=\"true\" class=\"wp-block-spacer\"><\/div>\n\n\n<div class=\"wp-block-image icon-style is-style-default\">\n<figure class=\"aligncenter size-large\"><img loading=\"lazy\" decoding=\"async\" width=\"63\" height=\"63\" src=\"http:\/\/fincalaalcudia.com\/wp-content\/uploads\/2021\/06\/phone-sm.png\" alt=\"\" class=\"wp-image-304\"\/><\/figure>\n<\/div>\n\n\n<div style=\"height:24px\" aria-hidden=\"true\" class=\"wp-block-spacer\"><\/div>\n\n\n\n<h3 class=\"wp-block-heading has-text-align-center has-neve-text-color-color has-text-color\">Call us<\/h3>\n\n\n\n<p class=\"has-text-align-center has-nv-dark-bg-color has-text-color\"><strong><a href=\"Tel:653680636\">653680636<\/a>&nbsp;<\/strong>(Calls and whatsapp)&nbsp;<br><strong>91 815 88 96 <\/strong>(Monday to Friday)<\/p>\n\n\n\n<div style=\"height:24px\" aria-hidden=\"true\" class=\"wp-block-spacer\"><\/div>\n<\/div><\/div>\n<\/div>\n\n\n\n<div class=\"wp-block-column is-vertically-aligned-center ticss-f6fc7494 is-layout-flow wp-block-column-is-layout-flow\">\n<div class=\"wp-block-group has-nv-site-bg-background-color has-background\"><div class=\"wp-block-group__inner-container is-layout-flow wp-block-group-is-layout-flow\">\n<div style=\"height:24px\" aria-hidden=\"true\" class=\"wp-block-spacer\"><\/div>\n\n\n<div class=\"wp-block-image icon-style is-style-default\">\n<figure class=\"aligncenter size-large\"><img decoding=\"async\" src=\"http:\/\/fincalaalcudia.com\/wp-content\/uploads\/2021\/06\/email-sm.png\" alt=\"\" class=\"wp-image-306\"\/><\/figure>\n<\/div>\n\n\n<div style=\"height:24px\" aria-hidden=\"true\" class=\"wp-block-spacer\"><\/div>\n\n\n\n<h3 class=\"wp-block-heading has-text-align-center has-neve-text-color-color has-text-color\">Email<\/h3>\n\n\n\n<p class=\"has-text-align-center\"><strong><a href=\"mailto:comercial@fincalaalcudia.com\">comercial@fincalaalcudia.com<\/a><\/strong><\/p>\n\n\n\n<div style=\"height:24px\" aria-hidden=\"true\" class=\"wp-block-spacer\"><\/div>\n<\/div><\/div>\n<\/div>\n\n\n\n<div class=\"wp-block-column is-vertically-aligned-center ticss-a5b4df29 is-layout-flow wp-block-column-is-layout-flow\">\n<div class=\"wp-block-group has-nv-site-bg-background-color has-background\"><div class=\"wp-block-group__inner-container is-layout-flow wp-block-group-is-layout-flow\">\n<div style=\"height:24px\" aria-hidden=\"true\" class=\"wp-block-spacer\"><\/div>\n\n\n<div class=\"wp-block-image icon-style is-style-default\">\n<figure class=\"aligncenter size-large\"><img decoding=\"async\" src=\"http:\/\/fincalaalcudia.com\/wp-content\/uploads\/2021\/06\/location-sm.png\" alt=\"\" class=\"wp-image-305\"\/><\/figure>\n<\/div>\n\n\n<div style=\"height:24px\" aria-hidden=\"true\" class=\"wp-block-spacer\"><\/div>\n\n\n\n<h3 class=\"wp-block-heading has-text-align-center has-neve-text-color-color has-text-color\">We are in:<\/h3>\n\n\n\n<p class=\"has-text-align-left has-neve-text-color-color has-text-color\" style=\"font-size:15px\">Carretera M-501, A 600 metros de la salida 25. 28609 Villanueva de Perales, Madrid, <br>Acceso por la gasolinera<\/p>\n\n\n\n<div style=\"height:24px\" aria-hidden=\"true\" class=\"wp-block-spacer\"><\/div>\n<\/div><\/div>\n<\/div>\n<\/div>\n\n\n\n<div style=\"height:30px\" aria-hidden=\"true\" class=\"wp-block-spacer\"><\/div>\n<\/div><\/div>\n\n\n\n<div class=\"wp-block-cover alignfull\" style=\"min-height:600px;aspect-ratio:unset;\"><span aria-hidden=\"true\" class=\"wp-block-cover__background has-nv-dark-bg-background-color has-background-dim-70 has-background-dim\"><\/span><div class=\"wp-block-cover__inner-container is-layout-flow wp-block-cover-is-layout-flow\">\n<div class=\"wp-block-group\"><div class=\"wp-block-group__inner-container is-layout-flow wp-block-group-is-layout-flow\">\n<div style=\"height:80px\" aria-hidden=\"true\" class=\"wp-block-spacer\"><\/div>\n\n\n\n<div class=\"wp-block-columns is-layout-flex wp-container-core-columns-is-layout-9d6595d7 wp-block-columns-is-layout-flex\">\n<div class=\"wp-block-column is-layout-flow wp-block-column-is-layout-flow\" style=\"flex-basis:50%\">\n<h2 class=\"wp-block-heading has-nv-text-dark-bg-color has-text-color\">Experience Venue La Alcudia Firsthand<\/h2>\n\n\n\n<p class=\"has-nv-site-bg-color has-text-color has-link-color wp-elements-47d4c3d9ee79cf5ea968b592e4cd27b9\">Discover Why La Alcudia Wedding Venue in Madrid is Perfect for Your Dream Wedding.<br>We invite you to experience the magic of La Alcudia Estate and start planning your dream wedding in Spain!<br>Nuestro equipo y wedding planners con gran experiencia cuidar\u00e1n todos y cada uno de los detalles para que vuestro d\u00eda sea \u00fanico y perfecto.<\/p>\n\n\n\n<figure class=\"wp-block-image size-full\"><a href=\"https:\/\/maps.app.goo.gl\/bWwhwTQvcTHLKNpL9\"><img loading=\"lazy\" decoding=\"async\" width=\"1474\" height=\"771\" src=\"https:\/\/fincalaalcudia.com\/wp-content\/uploads\/2024\/05\/imagen_2024-05-16_120845335.png\" alt=\"\" class=\"wp-image-3443\" style=\"aspect-ratio:4\/3;object-fit:cover\" srcset=\"https:\/\/fincalaalcudia.com\/wp-content\/uploads\/2024\/05\/imagen_2024-05-16_120845335.png 1474w, https:\/\/fincalaalcudia.com\/wp-content\/uploads\/2024\/05\/imagen_2024-05-16_120845335-300x157.png 300w, https:\/\/fincalaalcudia.com\/wp-content\/uploads\/2024\/05\/imagen_2024-05-16_120845335-1024x536.png 1024w, https:\/\/fincalaalcudia.com\/wp-content\/uploads\/2024\/05\/imagen_2024-05-16_120845335-768x402.png 768w, https:\/\/fincalaalcudia.com\/wp-content\/uploads\/2024\/05\/imagen_2024-05-16_120845335-18x9.png 18w\" sizes=\"auto, (max-width: 1474px) 100vw, 1474px\" \/><\/a><\/figure>\n\n\n\n<p class=\"has-nv-site-bg-color has-text-color has-link-color wp-elements-be8a16a44791c143347ea5bca8c42f5b translation-block\">Destination Wedding in Spain: Private Estate for 80+ Guests<\/p>\n<\/div>\n\n\n\n<div class=\"wp-block-column is-vertically-aligned-center is-layout-flow wp-block-column-is-layout-flow\" style=\"flex-basis:50%\">\n<div class=\"wp-block-contact-form-7-contact-form-selector\">\n<div class=\"wpcf7 no-js\" id=\"wpcf7-f5-o1\" lang=\"es-ES\" dir=\"ltr\">\n<div class=\"screen-reader-response\"><p role=\"status\" aria-live=\"polite\" aria-atomic=\"true\"><\/p> <ul><\/ul><\/div>\n<form action=\"\/en\/wp-json\/wp\/v2\/pages\/75#wpcf7-f5-o1\" method=\"post\" class=\"wpcf7-form init\" aria-label=\"Formulario de contacto\" novalidate=\"novalidate\" data-status=\"init\" data-trp-original-action=\"\/en\/wp-json\/wp\/v2\/pages\/75#wpcf7-f5-o1\">\n<div style=\"display: none;\">\n<input type=\"hidden\" name=\"_wpcf7\" value=\"5\" \/>\n<input type=\"hidden\" name=\"_wpcf7_version\" value=\"5.9.5\" \/>\n<input type=\"hidden\" name=\"_wpcf7_locale\" value=\"es_ES\" \/>\n<input type=\"hidden\" name=\"_wpcf7_unit_tag\" value=\"wpcf7-f5-o1\" \/>\n<input type=\"hidden\" name=\"_wpcf7_container_post\" value=\"0\" \/>\n<input type=\"hidden\" name=\"_wpcf7_posted_data_hash\" value=\"\" \/>\n<\/div>\n<p><label>Name <\/label><br \/>\n<span class=\"wpcf7-form-control-wrap\" data-name=\"your-name\"><input size=\"40\" class=\"wpcf7-form-control wpcf7-text wpcf7-validates-as-required\" aria-required=\"true\" aria-invalid=\"false\" value=\"\" type=\"text\" name=\"your-name\" \/><\/span><br \/>\n<label>Email<\/label><br \/>\n<span class=\"wpcf7-form-control-wrap\" data-name=\"your-email\"><input size=\"40\" class=\"wpcf7-form-control wpcf7-email wpcf7-validates-as-required wpcf7-text wpcf7-validates-as-email\" aria-required=\"true\" aria-invalid=\"false\" value=\"\" type=\"email\" name=\"your-email\" \/><\/span>\n<\/p>\n<p><label>Phone number<\/label><br \/>\n<label><span class=\"wpcf7-form-control-wrap\" data-name=\"telefono\"><input size=\"40\" class=\"wpcf7-form-control wpcf7-tel wpcf7-validates-as-required wpcf7-text wpcf7-validates-as-tel\" aria-required=\"true\" aria-invalid=\"false\" value=\"\" type=\"tel\" name=\"telefono\" \/><\/span><\/label>\n<\/p>\n<p><label>Anti-spam question 5+5<\/label><br \/>\n<span class=\"wpcf7-form-control-wrap\" data-name=\"your-name\"><input size=\"40\" class=\"wpcf7-form-control wpcf7-text wpcf7-validates-as-required\" aria-required=\"true\" aria-invalid=\"false\" placeholder=\"\" value=\"\" type=\"text\" name=\"your-name\" \/><\/span>\n<\/p>\n<p><label>Your message<\/label><br \/>\n<label><span class=\"wpcf7-form-control-wrap\" data-name=\"your-message\"><textarea cols=\"40\" rows=\"10\" class=\"wpcf7-form-control wpcf7-textarea wpcf7-validates-as-required\" aria-required=\"true\" aria-invalid=\"false\" name=\"your-message\"><\/textarea><\/span> <\/label>\n<\/p>\n<p><span class=\"wpcf7-form-control-wrap\" data-name=\"Polprivacidad\"><span class=\"wpcf7-form-control wpcf7-checkbox wpcf7-validates-as-required\"><span class=\"wpcf7-list-item first last\"><input type=\"checkbox\" name=\"Polprivacidad[]\" value=\"He le\u00eddo y acepto la Pol\u00edtica de Privacidad.\" \/><span class=\"wpcf7-list-item-label\">I have read and agree to the Privacy Policy.<\/span><\/span><\/span><\/span>\n<\/p>\n<p><input class=\"wpcf7-form-control wpcf7-submit has-spinner\" type=\"submit\" value=\"Enviar\" \/>\n<\/p><div class=\"wpcf7-response-output\" aria-hidden=\"true\"><\/div>\n<input type=\"hidden\" name=\"trp-form-language\" value=\"en\"\/><\/form>\n<\/div>\n<\/div>\n<\/div>\n<\/div>\n\n\n\n<div style=\"height:40px\" aria-hidden=\"true\" class=\"wp-block-spacer\"><\/div>\n<\/div><\/div>\n<\/div><\/div>","protected":false},"excerpt":{"rendered":"","protected":false},"author":1,"featured_media":0,"parent":0,"menu_order":0,"comment_status":"closed","ping_status":"closed","template":"","meta":{"neve_meta_sidebar":"default","neve_meta_container":"","neve_meta_enable_content_width":"on","neve_meta_content_width":100,"neve_meta_title_alignment":"","neve_meta_author_avatar":"","neve_post_elements_order":"","neve_meta_disable_header":"","neve_meta_disable_footer":"","neve_meta_disable_title":"on","_themeisle_gutenberg_block_has_review":false,"_joinchat":[],"footnotes":""},"class_list":["post-75","page","type-page","status-publish","hentry"],"_links":{"self":[{"href":"https:\/\/fincalaalcudia.com\/en\/wp-json\/wp\/v2\/pages\/75","targetHints":{"allow":["GET"]}}],"collection":[{"href":"https:\/\/fincalaalcudia.com\/en\/wp-json\/wp\/v2\/pages"}],"about":[{"href":"https:\/\/fincalaalcudia.com\/en\/wp-json\/wp\/v2\/types\/page"}],"author":[{"embeddable":true,"href":"https:\/\/fincalaalcudia.com\/en\/wp-json\/wp\/v2\/users\/1"}],"replies":[{"embeddable":true,"href":"https:\/\/fincalaalcudia.com\/en\/wp-json\/wp\/v2\/comments?post=75"}],"version-history":[{"count":13,"href":"https:\/\/fincalaalcudia.com\/en\/wp-json\/wp\/v2\/pages\/75\/revisions"}],"predecessor-version":[{"id":3633,"href":"https:\/\/fincalaalcudia.com\/en\/wp-json\/wp\/v2\/pages\/75\/revisions\/3633"}],"wp:attachment":[{"href":"https:\/\/fincalaalcudia.com\/en\/wp-json\/wp\/v2\/media?parent=75"}],"curies":[{"name":"wp","href":"https:\/\/api.w.org\/{rel}","templated":true}]}}